{"id":2038,"date":"2020-07-18T15:36:41","date_gmt":"2020-07-18T15:36:41","guid":{"rendered":"https:\/\/www.imagenesgraficas.com\/?page_id=2038"},"modified":"2020-08-03T20:42:21","modified_gmt":"2020-08-03T20:42:21","slug":"casos-de-exito","status":"publish","type":"page","link":"https:\/\/www.imagenesgraficas.com\/index.php\/casos-de-exito\/","title":{"rendered":"Casos de \u00e9xito"},"content":{"rendered":"\n\t<p>Casos de \u00e9xito<\/p>\n\t<p>Compartimos algunos casos exitosos, producidas a empresas que por mas de 3\u00ba a\u00f1os han confiado en nosotros. Estos son reflejo del trabajo de nuestro gran equipo de trabajo y la confianza de nuestros clientes.<\/p>\n\t\t\t\t<img loading=\"lazy\" decoding=\"async\" src=\"https:\/\/www.imagenesgraficas.com\/wp-content\/uploads\/2020\/08\/dettol.png\" alt=\"dettol\" itemprop=\"image\" height=\"237\" width=\"186\" title=\"dettol\" onerror=\"this.style.display='none'\"  \/>\n<h3>PROYECTO:<\/h3>\t\t\n\t\t\t<p>Estuches para gel antibacterial<\/p>\n\t<p><strong>EL RETO:<\/strong> Desarrollar un porta gel adaptable al empaque del producto que logre impulsar e incrementar las ventas del producto.<\/p>\n<strong>LA ACCI\u00d3N:<\/strong> Desarrollamos los modelos, moldes y realizamos<br \/>\nproducci\u00f3n de mas de 100 mil unidades de estuches para Colombia, Chile y Argentina.\n<p><strong>RESULTADOS:<\/strong> Se incrementaron las ventas de Dettol en mas del 300% y se convirti\u00f3 en el proyecto mas exitoso de la regi\u00f3n en el a\u00f1o de ejecuci\u00f3n.<\/p>\n\t\t\t\t\t\t\t\t<!-- pagination -->\n\t<p>Contacto<\/p>\n\tCALI<br \/>\n(+57-2)441 6153<br \/>\nCalle 24 No. 4-31\nBOGOT\u00c1<br \/>\n(+57) 318 363 7106<br \/>\nCalle 127c 4-51\nMIAMI<br \/>\n(305) 264 3417<br \/>\n390 NW 86th Ct #8 33126\n\t<p>Cont\u00e1ctenos<\/p>\n\tPara solicitar mayor informaci\u00f3n o cotizar alg\u00fan producto, cont\u00e1ctenos a:<br \/>\n<strong>mercadeo@imagenesgra\ufb01cas.com<\/strong>\n<p>(+57) 317 6364326<\/p>\n\t<p>Todo lo que se muestra en esta p\u00e1gina web tiene como fin mostrar nuestra capacidad de desarrollo y producci\u00f3n. Las marcas mostradas solo tienen fines ilustrativos.<\/p>\n\t<p>Trabaje con nosotros<\/p>\n\tSi se considera una persona talentosa y quiere ser parte de nuestro equipo, env\u00edenos su hoja de vida a:<br \/>\n<strong>talentohumano@imagenesgra\ufb01cas.com<\/strong>\n\t<p>Servicio al cliente<\/p>\n\t<p>Presente sus peticiones, quejas, reclamos y sugerencias (PQRS) que surjan respecto a la calidad de los servicios ofrecidos y las actuaciones de nuestros funcionarios.<\/p>\nCALI<br \/>\n(+57-2) 441 6153<br \/>\nCalle 24 No. 4-31\n\t<p>S\u00edganos:<\/p>\n\t\t\t\t<a href=\"https:\/\/instagram.com\/imagenes_graficas?igshid=di1ufcnwhc4f\" target=\"_blank\" rel=\"noopener noreferrer\" itemprop=\"url\">\n\t\t\t\t<img loading=\"lazy\" decoding=\"async\" src=\"https:\/\/www.imagenesgraficas.com\/wp-content\/uploads\/2019\/06\/imagenes_graficas_ig.png\" alt=\"imagenes_graficas_ig\" itemprop=\"image\" height=\"72\" width=\"74\" title=\"imagenes_graficas_ig\" onerror=\"this.style.display='none'\"  \/>\n\t\t\t\t<\/a>\n\t\t\t\t<a href=\"https:\/\/www.facebook.com\/imagenesgraficasbicsas\/\" target=\"_blank\" rel=\"noopener noreferrer\" itemprop=\"url\">\n\t\t\t\t<img loading=\"lazy\" decoding=\"async\" src=\"https:\/\/www.imagenesgraficas.com\/wp-content\/uploads\/2019\/06\/imagenes_graficas_fb.png\" alt=\"imagenes_graficas_fb\" itemprop=\"image\" height=\"72\" width=\"74\" title=\"imagenes_graficas_fb\" onerror=\"this.style.display='none'\"  \/>\n\t\t\t\t<\/a>\n\t\t\t\t<a href=\"https:\/\/pin.it\/oanijfeol2ru5c\" target=\"_blank\" rel=\"noopener noreferrer\" itemprop=\"url\">\n\t\t\t\t<img loading=\"lazy\" decoding=\"async\" src=\"https:\/\/www.imagenesgraficas.com\/wp-content\/uploads\/2019\/06\/imagenes_graficas_pt.png\" alt=\"imagenes_graficas_pt\" itemprop=\"image\" height=\"72\" width=\"74\" title=\"imagenes_graficas_pt\" onerror=\"this.style.display='none'\"  \/>\n\t\t\t\t<\/a>\n\t<p>Reciba noticias de interes.<\/p>\n\t<p>Visita tambi\u00e9n:<\/p>\n\t\t\t\t<a href=\"http:\/\/imagraphicusa.com\/\" target=\"_blank\" rel=\"noopener noreferrer\" itemprop=\"url\">\n\t\t\t\t<img loading=\"lazy\" decoding=\"async\" src=\"https:\/\/www.imagenesgraficas.com\/wp-content\/uploads\/2019\/06\/imagenes_graficas_logo_imagraphic.png\" alt=\"imagenes_graficas_logo_imagraphic\" itemprop=\"image\" height=\"167\" width=\"493\" title=\"imagenes_graficas_logo_imagraphic\" onerror=\"this.style.display='none'\"  \/>\n\t\t\t\t<\/a>\n","protected":false},"excerpt":{"rendered":"<p>Casos de \u00e9xito Compartimos algunos casos exitosos, producidas a empresas que por mas de 3\u00ba a\u00f1os han confiado en nosotros. Estos son reflejo del trabajo de nuestro gran equipo de trabajo y la confianza de nuestros clientes. PROYECTO: Estuches para gel antibacterial EL RETO: Desarrollar un porta gel adaptable al empaque del producto que logre&hellip;<\/p>\n","protected":false},"author":3,"featured_media":0,"parent":0,"menu_order":0,"comment_status":"closed","ping_status":"closed","template":"","meta":{"footnotes":""},"class_list":["post-2038","page","type-page","status-publish","hentry"],"_links":{"self":[{"href":"https:\/\/www.imagenesgraficas.com\/index.php\/wp-json\/wp\/v2\/pages\/2038","targetHints":{"allow":["GET"]}}],"collection":[{"href":"https:\/\/www.imagenesgraficas.com\/index.php\/wp-json\/wp\/v2\/pages"}],"about":[{"href":"https:\/\/www.imagenesgraficas.com\/index.php\/wp-json\/wp\/v2\/types\/page"}],"author":[{"embeddable":true,"href":"https:\/\/www.imagenesgraficas.com\/index.php\/wp-json\/wp\/v2\/users\/3"}],"replies":[{"embeddable":true,"href":"https:\/\/www.imagenesgraficas.com\/index.php\/wp-json\/wp\/v2\/comments?post=2038"}],"version-history":[{"count":15,"href":"https:\/\/www.imagenesgraficas.com\/index.php\/wp-json\/wp\/v2\/pages\/2038\/revisions"}],"predecessor-version":[{"id":2616,"href":"https:\/\/www.imagenesgraficas.com\/index.php\/wp-json\/wp\/v2\/pages\/2038\/revisions\/2616"}],"wp:attachment":[{"href":"https:\/\/www.imagenesgraficas.com\/index.php\/wp-json\/wp\/v2\/media?parent=2038"}],"curies":[{"name":"wp","href":"https:\/\/api.w.org\/{rel}","templated":true}]}}