{"id":204,"date":"2019-06-12T20:35:02","date_gmt":"2019-06-12T20:35:02","guid":{"rendered":"https:\/\/www.imagenesgraficas.com\/?page_id=204"},"modified":"2025-06-05T08:10:53","modified_gmt":"2025-06-05T13:10:53","slug":"nosotros","status":"publish","type":"page","link":"https:\/\/www.imagenesgraficas.com\/index.php\/nosotros\/","title":{"rendered":"Nosotros"},"content":{"rendered":"\n\n\t<p>Nosotros<\/p>\n\t<p>Im\u00e1genes Gr\u00e1\ufb01cas<\/p>\n\t<p>Somos la compa\u00f1\u00eda de comunicaci\u00f3n gr\u00e1\ufb01ca que soluciona de manera integral todas las necesidades para promocionar una marca, campa\u00f1a o cualquier idea.<\/p>\n\t\t\t\t<img loading=\"lazy\" decoding=\"async\" src=\"https:\/\/www.imagenesgraficas.com\/wp-content\/uploads\/2020\/06\/fabrica.jpg\" alt=\"fabrica\" itemprop=\"image\" height=\"349\" width=\"722\" title=\"fabrica\" onerror=\"this.style.display='none'\"  \/>\n<h2>\n\t\tCODIGO DE ETICA\n\t<\/h2>\n\t\t\t\t<a href=\"https:\/\/www.imagenesgraficas.com\/wp-content\/uploads\/2024\/05\/6.2-FO-GH-035-CODIGO-DE-ETICA-IMAGENES-GRAFICAS-BIC-S.A.S.-.docx.pdf\"  target=\"_blank\" rel=\"noopener\"  itemprop=\"url\">\n\t\t\t\t<img loading=\"lazy\" decoding=\"async\" src=\"https:\/\/www.imagenesgraficas.com\/wp-content\/uploads\/2021\/02\/visualizar-300x101.png\" alt=\"visualizar\" itemprop=\"image\" height=\"101\" width=\"300\" title=\"visualizar\" onerror=\"this.style.display='none'\"  \/>\n\t\t\t\t<\/a>\n\tEn esta P\u00e1gina Web encontrar\u00e1 el m\u00e1s amplio portafolio de soluciones impactantes.<br \/>\nContamos con presencia comercial en las principales ciudades de Colombia y entregamos nuestros productos en cualquier lugar del mundo. Somos su Aliado ESTRAT\u00c9GICO para Comunicar su IMAGEN.\n<h2>\n\t\tReporte de Gesti\u00f3n BIC 2020\n\t<\/h2>\n\t\t\t\t<a href=\"https:\/\/www.imagenesgraficas.com\/wp-content\/uploads\/2024\/01\/Informe-Sostenibilidad-2020.pdf\"  target=\"_blank\" rel=\"noopener\"  itemprop=\"url\">\n\t\t\t\t<img loading=\"lazy\" decoding=\"async\" src=\"https:\/\/www.imagenesgraficas.com\/wp-content\/uploads\/2021\/02\/visualizar-300x101.png\" alt=\"visualizar\" itemprop=\"image\" height=\"101\" width=\"300\" title=\"visualizar\" onerror=\"this.style.display='none'\"  \/>\n\t\t\t\t<\/a>\n<h2>\n\t\tReporte de Gesti\u00f3n BIC 2021\n\t<\/h2>\n\t\t\t\t<a href=\"https:\/\/www.imagenesgraficas.com\/REPORTE2021.pdf\"  target=\"_blank\" rel=\"noopener\"  itemprop=\"url\">\n\t\t\t\t<img loading=\"lazy\" decoding=\"async\" src=\"https:\/\/www.imagenesgraficas.com\/wp-content\/uploads\/2021\/02\/visualizar-300x101.png\" alt=\"visualizar\" itemprop=\"image\" height=\"101\" width=\"300\" title=\"visualizar\" onerror=\"this.style.display='none'\"  \/>\n\t\t\t\t<\/a>\n<h2>\n\t\tReporte de Gesti\u00f3n BIC 2022\n\t<\/h2>\n\t\t\t\t<a href=\"https:\/\/www.imagenesgraficas.com\/wp-content\/uploads\/2023\/05\/Informe-2023_IG.pdf\"  target=\"_blank\" rel=\"noopener\"  itemprop=\"url\">\n\t\t\t\t<img loading=\"lazy\" decoding=\"async\" src=\"https:\/\/www.imagenesgraficas.com\/wp-content\/uploads\/2021\/02\/visualizar-300x101.png\" alt=\"visualizar\" itemprop=\"image\" height=\"101\" width=\"300\" title=\"visualizar\" onerror=\"this.style.display='none'\"  \/>\n\t\t\t\t<\/a>\n<h2>\n\t\tReporte de Gesti\u00f3n BIC 2023\n\t<\/h2>\n\t\t\t\t<a href=\"https:\/\/www.imagenesgraficas.com\/wp-content\/uploads\/2024\/05\/Informe-Gestion-BIC-2023.pdf\"  target=\"_blank\" rel=\"noopener\"  itemprop=\"url\">\n\t\t\t\t<img loading=\"lazy\" decoding=\"async\" src=\"https:\/\/www.imagenesgraficas.com\/wp-content\/uploads\/2021\/02\/visualizar-300x101.png\" alt=\"visualizar\" itemprop=\"image\" height=\"101\" width=\"300\" title=\"visualizar\" onerror=\"this.style.display='none'\"  \/>\n\t\t\t\t<\/a>\n<h2>\n\t\tReporte de Gesti\u00f3n BIC 2024\n\t<\/h2>\n\t\t\t\t<a href=\"https:\/\/www.imagenesgraficas.com\/wp-content\/uploads\/2025\/06\/informe-de-sostenibilidad-2024.pdf\"  target=\"_blank\" rel=\"noopener\"  itemprop=\"url\">\n\t\t\t\t<img loading=\"lazy\" decoding=\"async\" src=\"https:\/\/www.imagenesgraficas.com\/wp-content\/uploads\/2021\/02\/visualizar-300x101.png\" alt=\"visualizar\" itemprop=\"image\" height=\"101\" width=\"300\" title=\"visualizar\" onerror=\"this.style.display='none'\"  \/>\n\t\t\t\t<\/a>\n<h2>\n\t\tPOLITICA DE TRATAMIENTO DE DATOS\n\t<\/h2>\n\t\t\t\t<a href=\"https:\/\/www.imagenesgraficas.com\/wp-content\/uploads\/2025\/06\/MANUAL-DE-POLITICAS-PARA-EL-TRATAMIENTO-DE-DATOS-PERSONALES.pdf\"  target=\"_blank\" rel=\"noopener\"  itemprop=\"url\">\n\t\t\t\t<img loading=\"lazy\" decoding=\"async\" src=\"https:\/\/www.imagenesgraficas.com\/wp-content\/uploads\/2021\/02\/visualizar-300x101.png\" alt=\"visualizar\" itemprop=\"image\" height=\"101\" width=\"300\" title=\"visualizar\" onerror=\"this.style.display='none'\"  \/>\n\t\t\t\t<\/a>\n\t\t\t\t<img loading=\"lazy\" decoding=\"async\" src=\"https:\/\/www.imagenesgraficas.com\/wp-content\/uploads\/2020\/06\/Nosotros-icon.png\" alt=\"Nosotros-icon\" itemprop=\"image\" height=\"186\" width=\"190\" title=\"Nosotros-icon\" onerror=\"this.style.display='none'\"  \/>\n<p>Nuestro equipo altamente cali\ufb01cado propone soluciones ajustadas a sus necesidades.<\/p>\n\t\t\t\t<img loading=\"lazy\" decoding=\"async\" src=\"https:\/\/www.imagenesgraficas.com\/wp-content\/uploads\/2020\/06\/Nosotros-icon2.png\" alt=\"Nosotros-icon2\" itemprop=\"image\" height=\"186\" width=\"190\" title=\"Nosotros-icon2\" onerror=\"this.style.display='none'\"  \/>\n<p>Hemos transformado ideas brillantes en productos impactantes desde 1989.<\/p>\n\t\t\t\t<img loading=\"lazy\" decoding=\"async\" src=\"https:\/\/www.imagenesgraficas.com\/wp-content\/uploads\/2020\/06\/Nosotros-icon3.png\" alt=\"Nosotros-icon3\" itemprop=\"image\" height=\"186\" width=\"190\" title=\"Nosotros-icon3\" onerror=\"this.style.display='none'\"  \/>\n<p>Respondemos solicitudes en tiempo r\u00e9cord de marcas nacionales e internacionales.<\/p>\n\t\t\t\t<img loading=\"lazy\" decoding=\"async\" src=\"https:\/\/www.imagenesgraficas.com\/wp-content\/uploads\/2020\/06\/Nosotros-icon4.png\" alt=\"Nosotros-icon4\" itemprop=\"image\" height=\"186\" width=\"190\" title=\"Nosotros-icon4\" onerror=\"this.style.display='none'\"  \/>\n<p>Nuestra planta de producci\u00f3n funciona 24\/7.<\/p>\n\t<p>Somos m\u00e1s de 280 colaboradores comprometidos<\/p>\n\t\t\t\t<a href=\"https:\/\/www.imagenesgraficas.com\/agencia-creativa\/\"  target=\"_self\" itemprop=\"url\">\n\t\t\t\t<img loading=\"lazy\" decoding=\"async\" src=\"https:\/\/www.imagenesgraficas.com\/wp-content\/uploads\/2020\/06\/Nosotros-icon8.jpg\" alt=\"Nosotros-icon8\" itemprop=\"image\" height=\"186\" width=\"186\" title=\"Nosotros-icon8\" onerror=\"this.style.display='none'\"  \/>\n\t\t\t\t<\/a>\n\t\t6,500\n\t\t\t\t\tM2 DE PLANTA\n\t\t\t\t<img loading=\"lazy\" decoding=\"async\" src=\"https:\/\/www.imagenesgraficas.com\/wp-content\/uploads\/2020\/06\/Nosotros-icon7.jpg\" alt=\"Nosotros-icon7\" itemprop=\"image\" height=\"186\" width=\"186\" title=\"Nosotros-icon7\" onerror=\"this.style.display='none'\"  \/>\n\t\t460,000\n\t\t\t\t\tPLIEGOS DIARIOS DE IMPRESI\u00d3N\n\t\t\t\t<img loading=\"lazy\" decoding=\"async\" src=\"https:\/\/www.imagenesgraficas.com\/wp-content\/uploads\/2020\/06\/Nosotros-icon6.jpg\" alt=\"Nosotros-icon6\" itemprop=\"image\" height=\"186\" width=\"186\" title=\"Nosotros-icon6\" onerror=\"this.style.display='none'\"  \/>\n\t\t60\n\t\t\t\t\tIMPRESIONES X MINUTO\n\t\t\t\t<img loading=\"lazy\" decoding=\"async\" src=\"https:\/\/www.imagenesgraficas.com\/wp-content\/uploads\/2020\/06\/Nosotros-icon5.jpg\" alt=\"Nosotros-icon5\" itemprop=\"image\" height=\"186\" width=\"186\" title=\"Nosotros-icon5\" onerror=\"this.style.display='none'\"  \/>\n\t\t1,500\n\t\t\t\t\tCLIENTES FELICES\n\t<p><strong>No conocemos los l\u00edmites<\/strong><\/p>\n\t\t\t\t<img loading=\"lazy\" decoding=\"async\" src=\"https:\/\/www.imagenesgraficas.com\/wp-content\/uploads\/2020\/06\/Nosotros-icon9.jpg\" alt=\"Nosotros-icon9\" itemprop=\"image\" height=\"186\" width=\"186\" title=\"Nosotros-icon9\" onerror=\"this.style.display='none'\"  \/>\nEntregas en cualquier<br \/>\nlugar del MUNDO.\n\t\t\t\t<img loading=\"lazy\" decoding=\"async\" src=\"https:\/\/www.imagenesgraficas.com\/wp-content\/uploads\/2020\/03\/abajo.png\" alt=\"abajo\" itemprop=\"image\" height=\"67\" width=\"48\" title=\"abajo\" onerror=\"this.style.display='none'\"  \/>\n\t\t\t\t<img loading=\"lazy\" decoding=\"async\" src=\"https:\/\/www.imagenesgraficas.com\/wp-content\/uploads\/2020\/06\/Nosotros-icon10.jpg\" alt=\"Nosotros-icon10\" itemprop=\"image\" height=\"186\" width=\"186\" title=\"Nosotros-icon10\" onerror=\"this.style.display='none'\"  \/>\nTodo bajo un mismo techo.<br \/>\nProcesos y equipo a su SERVICIO.\n\t\t\t\t<img loading=\"lazy\" decoding=\"async\" src=\"https:\/\/www.imagenesgraficas.com\/wp-content\/uploads\/2020\/03\/abajo.png\" alt=\"abajo\" itemprop=\"image\" height=\"67\" width=\"48\" title=\"abajo\" onerror=\"this.style.display='none'\"  \/>\n\t\t\t\t<img loading=\"lazy\" decoding=\"async\" src=\"https:\/\/www.imagenesgraficas.com\/wp-content\/uploads\/2020\/06\/Nosotros-icon11.jpg\" alt=\"Nosotros-icon11\" itemprop=\"image\" height=\"186\" width=\"186\" title=\"Nosotros-icon11\" onerror=\"this.style.display='none'\"  \/>\n<p>Absoluta CONFIDENCIALIDAD.<\/p>\n\t\t\t\t<img loading=\"lazy\" decoding=\"async\" src=\"https:\/\/www.imagenesgraficas.com\/wp-content\/uploads\/2020\/03\/abajo.png\" alt=\"abajo\" itemprop=\"image\" height=\"67\" width=\"48\" title=\"abajo\" onerror=\"this.style.display='none'\"  \/>\n\t<p>Traducimos las necesidades de mercadeo de nuestros clientes en experiencias de marca dirigidas a conectar emocionalmente con el shopper.<\/p>\n\t<p>Le apostamos a la equidad e inclusi\u00f3n social<\/p>\n\t\t\t\t<img loading=\"lazy\" decoding=\"async\" src=\"https:\/\/www.imagenesgraficas.com\/wp-content\/uploads\/2020\/06\/Nosotros-icon6.png\" alt=\"Nosotros-icon6\" itemprop=\"image\" height=\"193\" width=\"192\" title=\"Nosotros-icon6\" onerror=\"this.style.display='none'\"  \/>\n<p>Generamos empleo para m\u00e1s de 200 personas.<\/p>\n\t\t\t\t<img loading=\"lazy\" decoding=\"async\" src=\"https:\/\/www.imagenesgraficas.com\/wp-content\/uploads\/2020\/06\/Nosotros-icon7.png\" alt=\"Nosotros-icon7\" itemprop=\"image\" height=\"193\" width=\"192\" title=\"Nosotros-icon7\" onerror=\"this.style.display='none'\"  \/>\n<p>El 67% de nuestros colaboradores son mujeres.<\/p>\n\t\t\t\t<img loading=\"lazy\" decoding=\"async\" src=\"https:\/\/www.imagenesgraficas.com\/wp-content\/uploads\/2020\/06\/Nosotros-icon8.png\" alt=\"Nosotros-icon8\" itemprop=\"image\" height=\"193\" width=\"192\" title=\"Nosotros-icon8\" onerror=\"this.style.display='none'\"  \/>\n<p>Trabajamos con 43 madres cabeza de hogar.<\/p>\n\t\t\t\t<img loading=\"lazy\" decoding=\"async\" src=\"https:\/\/www.imagenesgraficas.com\/wp-content\/uploads\/2020\/06\/Nosotros-icon9.png\" alt=\"Nosotros-icon9\" itemprop=\"image\" height=\"193\" width=\"192\" title=\"Nosotros-icon9\" onerror=\"this.style.display='none'\"  \/>\n<p>Integramos a nuestro equipo a personas sordas.<\/p>\n\t<p>Nuestro aliado principal es el medio ambiente<\/p>\n\t\t\t\t<img loading=\"lazy\" decoding=\"async\" src=\"https:\/\/www.imagenesgraficas.com\/wp-content\/uploads\/2020\/06\/Nosotros-icon10.png\" alt=\"Nosotros-icon10\" itemprop=\"image\" height=\"193\" width=\"192\" title=\"Nosotros-icon10\" onerror=\"this.style.display='none'\"  \/>\n<p>Utilizamos tintas ecol\u00f3gicas a base de soya y libres de plomo.<\/p>\n\t\t\t\t<img loading=\"lazy\" decoding=\"async\" src=\"https:\/\/www.imagenesgraficas.com\/wp-content\/uploads\/2020\/06\/Nosotros-icon11.png\" alt=\"Nosotros-icon11\" itemprop=\"image\" height=\"193\" width=\"192\" title=\"Nosotros-icon11\" onerror=\"this.style.display='none'\"  \/>\n<p>Empleamos papel fabricado 100% a base de ca\u00f1a de az\u00facar, sin qu\u00edmicos blanqueadores, con sellos FSC y libres de cloro.<\/p>\n\t\t\t\t<img loading=\"lazy\" decoding=\"async\" src=\"https:\/\/www.imagenesgraficas.com\/wp-content\/uploads\/2020\/06\/Nosotros-icon12.png\" alt=\"Nosotros-icon12\" itemprop=\"image\" height=\"193\" width=\"192\" title=\"Nosotros-icon12\" onerror=\"this.style.display='none'\"  \/>\n<p>Poseemos un sistema de generaci\u00f3n de energ\u00eda mediante paneles solares fotovoltaicos.<\/p>\n\t\t\t\t<img loading=\"lazy\" decoding=\"async\" src=\"https:\/\/www.imagenesgraficas.com\/wp-content\/uploads\/2020\/06\/Nosotros-icon13.png\" alt=\"Nosotros-icon13\" itemprop=\"image\" height=\"193\" width=\"192\" title=\"Nosotros-icon13\" onerror=\"this.style.display='none'\"  \/>\n<p>Implementamos programas de ahorro de agua y energ\u00eda.<\/p>\n\t\t\t\t<img loading=\"lazy\" decoding=\"async\" src=\"https:\/\/www.imagenesgraficas.com\/wp-content\/uploads\/2020\/06\/Nosotros-icon14.png\" alt=\"Nosotros-icon14\" itemprop=\"image\" height=\"193\" width=\"192\" title=\"Nosotros-icon14\" onerror=\"this.style.display='none'\"  \/>\n<p>Contamos con mecanismos eficientes para la reducci\u00f3n de huella de carbono.<\/p>\n\t\t\t\t<img loading=\"lazy\" decoding=\"async\" src=\"https:\/\/www.imagenesgraficas.com\/wp-content\/uploads\/2020\/06\/Nosotros-icon15.png\" alt=\"Nosotros-icon15\" itemprop=\"image\" height=\"193\" width=\"192\" title=\"Nosotros-icon15\" onerror=\"this.style.display='none'\"  \/>\n<p>Capacitamos a nuestro equipo en temas de sensibilizaci\u00f3n ambiental.<\/p>\n\t<p><strong>Somos una empresa socialmente responsable<\/strong><\/p>\n\t<p>Creemos en la igualdad de oportunidades<\/p>\n\t<p>En Im\u00e1genes Gr\u00e1ficas vemos a las personas a trav\u00e9s de las diferencias para reconocer sus habilidades. Por ello, desde hace diez a\u00f1os trabajamos de la mano con <a href=\"https:\/\/www.comfandi.com.co\/persona\/cali\/responsabilidad-social\/cooperacion\/pacto-de-productividad-modelo-de-inclusion-laboral-para-personas-con-discapacidad\">Comfandi<\/a>, quienes a trav\u00e9s del \u00ab<a href=\"https:\/\/www.comfandi.com.co\/persona\/cali\/responsabilidad-social\/cooperacion\/pacto-de-productividad-modelo-de-inclusion-laboral-para-personas-con-discapacidad\">Pacto de Productividad<\/a>\u00bb nos conectan con personas sordas que cuentan con el perfil que buscamos para nuestro equipo laboral.<\/p>\n<p><em>\u00abPara nosotros es muy importante brindarles calidad de vida y una estabilidad laboral, hacerles sentir que son esenciales no solo para Im\u00e1genes Gr\u00e1ficas sino tambi\u00e9n para nuestra ciudad y el mundo entero.\u00bb<\/em><\/p>\n\t<strong>Fernando Alom\u00eda<\/strong><br \/>\nGerente Im\u00e1genes Gr\u00e1ficas\n\t\t\t\t<img loading=\"lazy\" decoding=\"async\" src=\"https:\/\/www.imagenesgraficas.com\/wp-content\/uploads\/2019\/08\/agencia-imagenes-graficas.jpg\" alt=\"agencia-imagenes-graficas\" itemprop=\"image\" height=\"412\" width=\"1908\" title=\"agencia-imagenes-graficas\" onerror=\"this.style.display='none'\"  \/>\n\t<p><strong>Apoyamos a la comunidad<\/strong><\/p>\n\t<p>En la F\u00e1brica de las Grandes Ideas contribuimos a formar mejores seres humanos. Por ello, le apostamos a planes sociales y educativos que le permiten a nuestro equipo crecer hol\u00edsticamente.  Estos son algunos de los proyectos que realizamos continuamente:<\/p>\n\t\t\t\t<img loading=\"lazy\" decoding=\"async\" src=\"https:\/\/www.imagenesgraficas.com\/wp-content\/uploads\/2020\/03\/servicio-1.png\" alt=\"servicio-1\" itemprop=\"image\" height=\"506\" width=\"566\" title=\"servicio-1\" onerror=\"this.style.display='none'\"  \/>\n\t<p>Hacemos jornadas de sensibilizaci\u00f3n ambiental con los colaboradores de nuestro equipo.<\/p>\n\t\t\t\t<img loading=\"lazy\" decoding=\"async\" src=\"https:\/\/www.imagenesgraficas.com\/wp-content\/uploads\/2020\/03\/servicio-2.png\" alt=\"servicio-2\" itemprop=\"image\" height=\"541\" width=\"566\" title=\"servicio-2\" onerror=\"this.style.display='none'\"  \/>\n\t<p>Realizamos donaciones de kits escolares y regalos de navidad a ni\u00f1os en estado de vulnerabilidad.<\/p>\n\t\t\t\t<img loading=\"lazy\" decoding=\"async\" src=\"https:\/\/www.imagenesgraficas.com\/wp-content\/uploads\/2020\/03\/servicio-3.png\" alt=\"servicio-3\" itemprop=\"image\" height=\"506\" width=\"566\" title=\"servicio-3\" onerror=\"this.style.display='none'\"  \/>\n\t<p>Ofrecemos cr\u00e9ditos educativos con 0% de inter\u00e9s para nuestros colaboradores.<\/p>\n\t\t\t\t<img loading=\"lazy\" decoding=\"async\" src=\"https:\/\/www.imagenesgraficas.com\/wp-content\/uploads\/2020\/03\/servicio-4.png\" alt=\"servicio-4\" itemprop=\"image\" height=\"541\" width=\"566\" title=\"servicio-4\" onerror=\"this.style.display='none'\"  \/>\n\t<p>Recibimos estudiantes de colegios y\u00a0 universidades de Cali, ense\u00f1ando nuestros procesos de producci\u00f3n y compartiendo todo nuestro conocimiento.<\/p>\n\t<p><em>\u00abIm\u00e1genes Gr\u00e1ficas no solo es responsable por lo que pasa entre sus cuatro paredes, sino tambi\u00e9n por lo que pasa en la ciudad, Colombia y el mundo entero.\u00bb<\/em><\/p>\n\t<strong>Fernando Alom\u00eda<\/strong><br \/>\nGerente Im\u00e1genes Gr\u00e1ficas\n\t<p><strong>Reconocimientos<\/strong><\/p>\n\t\t\t\t<img loading=\"lazy\" decoding=\"async\" src=\"https:\/\/www.imagenesgraficas.com\/wp-content\/uploads\/2020\/03\/abajo-m.png\" alt=\"abajo-m\" itemprop=\"image\" height=\"67\" width=\"48\" title=\"abajo-m\" onerror=\"this.style.display='none'\"  \/>\n\t<p><strong>Premio NEIG versi\u00f3n 2018<\/strong><\/p>\n\t<p>La Corporaci\u00f3n Calidad otorg\u00f3 en diciembre del 2018 el \u00abPremio Nacional a la Excelencia y la Innovaci\u00f3n\u00bb (PNEIG) a Im\u00e1genes Gr\u00e1ficas BIC S.A.S. en la categor\u00eda \u00abOrganizaci\u00f3n Manufacturera o Industrial Mediana\u00bb. El reconocimiento destac\u00f3 la alta calidad de gesti\u00f3n e innovaci\u00f3n, fortalecimiento de la productividad, calidad y competitividad que se ha logrado construir en los \u00faltimos a\u00f1os. Adem\u00e1s, fuimos premiados por demostrar pr\u00e1cticas ejemplares en todas las \u00e1reas, demostrando excelentes resultados y niveles superiores de competitividad que se equiparan al nivel de organizaciones de clase mundial.<\/p>\n\t\t\t\t<img loading=\"lazy\" decoding=\"async\" src=\"https:\/\/www.imagenesgraficas.com\/wp-content\/uploads\/2020\/03\/abajo-m.png\" alt=\"abajo-m\" itemprop=\"image\" height=\"67\" width=\"48\" title=\"abajo-m\" onerror=\"this.style.display='none'\"  \/>\n\t<p><strong>Reconocimiento de La Gobernaci\u00f3n del Valle por ser una empresa incluyente<\/strong><\/p>\n\t<p>En diciembre de 2018 La Gobernaci\u00f3n del Valle del Cauca, la Secretar\u00eda de Desarrollo Social y Participaci\u00f3n y la Fundaci\u00f3n Carvajal; reconocieron a Im\u00e1genes Gr\u00e1ficas por su aporte a la inclusi\u00f3n laboral de personas en situaci\u00f3n de discapacidad. Este reconocimiento fue entregado por la Gobernadora del Valle del Cauca, Dilian Francisca Toro, durante la conmemoraci\u00f3n del d\u00eda internacional de los derechos de las personas con discapacidad.<\/p>\n\t<p>Nuestra f\u00e1brica est\u00e1 acreditada con estas certi\ufb01caciones<\/p>\n\t\t\t\t<img loading=\"lazy\" decoding=\"async\" src=\"https:\/\/www.imagenesgraficas.com\/wp-content\/uploads\/2020\/06\/7bureau.png\" alt=\"7bureau\" itemprop=\"image\" height=\"100\" width=\"209\" title=\"7bureau\" onerror=\"this.style.display='none'\"  \/>\n\t\t\t\t<img loading=\"lazy\" decoding=\"async\" src=\"https:\/\/www.imagenesgraficas.com\/wp-content\/uploads\/2020\/06\/Sedex-member.png\" alt=\"Sedex-member\" itemprop=\"image\" height=\"64\" width=\"200\" title=\"Sedex-member\" onerror=\"this.style.display='none'\"  \/>\n\t\t\t\t<img loading=\"lazy\" decoding=\"async\" src=\"https:\/\/www.imagenesgraficas.com\/wp-content\/uploads\/2020\/06\/ink.jpg\" alt=\"ink\" itemprop=\"image\" height=\"216\" width=\"353\" title=\"ink\" onerror=\"this.style.display='none'\"  \/>\n\t<p>Nuestra Planta<\/p>\n\t<p>Este es nuestro espacio de trabajo<\/p>\n\t<p><a href=\"https:\/\/youtu.be\/iQHSHdX0yMc\"><iframe loading=\"lazy\" title=\"Conoce Im\u00e1genes Gr\u00e1ficas, una empresa colombiana comprometida con el medio ambiente\" width=\"500\" height=\"281\" src=\"https:\/\/www.youtube.com\/embed\/iQHSHdX0yMc?feature=oembed\" frameborder=\"0\" allow=\"accelerometer; autoplay; clipboard-write; encrypted-media; gyroscope; picture-in-picture; web-share\" referrerpolicy=\"strict-origin-when-cross-origin\" allowfullscreen><\/iframe><\/a><\/p>\n\t\t\t\t\t\t<figure>\n\t\t\t\t\t\t\t<img loading=\"lazy\" decoding=\"async\" src=\"https:\/\/www.imagenesgraficas.com\/wp-content\/uploads\/2020\/06\/ig1-300x300-1.gif\" alt=\"\" width=\"300\" height=\"300\" \/>\n\t\t\t\t\t\t\t\t\t\t\t\t\t<\/figure>\n\t\t\t\t\t\t<figure>\n\t\t\t\t\t\t\t<img loading=\"lazy\" decoding=\"async\" src=\"https:\/\/www.imagenesgraficas.com\/wp-content\/uploads\/2020\/06\/ig3-300x300.gif\" alt=\"\" width=\"300\" height=\"300\" \/>\n\t\t\t\t\t\t\t\t\t\t\t\t\t<\/figure>\n\t\t\t\t\t\t<figure>\n\t\t\t\t\t\t\t<img loading=\"lazy\" decoding=\"async\" src=\"https:\/\/www.imagenesgraficas.com\/wp-content\/uploads\/2020\/06\/ig4-300x300.gif\" alt=\"\" width=\"300\" height=\"300\" \/>\n\t\t\t\t\t\t\t\t\t\t\t\t\t<\/figure>\n\t\t\t\t\t\t<figure>\n\t\t\t\t\t\t\t<img loading=\"lazy\" decoding=\"async\" src=\"https:\/\/www.imagenesgraficas.com\/wp-content\/uploads\/2020\/06\/ig5-300x300.gif\" alt=\"\" width=\"300\" height=\"300\" \/>\n\t\t\t\t\t\t\t\t\t\t\t\t\t<\/figure>\n\t\t\t\t\t\t<figure>\n\t\t\t\t\t\t\t<img loading=\"lazy\" decoding=\"async\" src=\"https:\/\/www.imagenesgraficas.com\/wp-content\/uploads\/2020\/06\/ig6-300x300.gif\" alt=\"\" width=\"300\" height=\"300\" \/>\n\t\t\t\t\t\t\t\t\t\t\t\t\t<\/figure>\n\t\t\t\t\t\t<figure>\n\t\t\t\t\t\t\t<img loading=\"lazy\" decoding=\"async\" src=\"https:\/\/www.imagenesgraficas.com\/wp-content\/uploads\/2020\/06\/ig2-300x300.gif\" alt=\"\" width=\"300\" height=\"300\" \/>\n\t\t\t\t\t\t\t\t\t\t\t\t\t<\/figure>\n\t\t\t\t\t\t\t\t\t\t\t<!-- pagination -->\n\t<p>Contacto<\/p>\n\tCALI<br \/>\n(+57-2)441 6153<br \/>\nCalle 24 No. 4-31\nBOGOT\u00c1<br \/>\n(+57) 318 363 7106<br \/>\nCalle 127c 4-51\nMIAMI<br \/>\n(305) 264 3417<br \/>\n390 NW 86th Ct #8 33126\n\t<p>Cont\u00e1ctenos<\/p>\n\tPara solicitar mayor informaci\u00f3n o cotizar alg\u00fan producto, cont\u00e1ctenos a:<br \/>\n<strong>mercadeo@imagenesgra\ufb01cas.com<\/strong>\n<p>(+57) 317 6364326<\/p>\n\t<p>Todo lo que se muestra en esta p\u00e1gina web tiene como fin mostrar nuestra capacidad de desarrollo y producci\u00f3n. Las marcas mostradas solo tienen fines ilustrativos.<\/p>\n\t<p>Trabaje con nosotros<\/p>\n\tSi se considera una persona talentosa y quiere ser parte de nuestro equipo, env\u00edenos su hoja de vida a:<br \/>\n<strong>talentohumano@imagenesgra\ufb01cas.com<\/strong>\n\t<p>Servicio al cliente<\/p>\n\t<p>Presente sus peticiones, quejas, reclamos y sugerencias (PQRS) que surjan respecto a la calidad de los servicios ofrecidos y las actuaciones de nuestros funcionarios.<\/p>\nCALI<br \/>\n(+57-2) 441 6153<br \/>\nCalle 24 No. 4-31\n\t<p>S\u00edganos:<\/p>\n\t\t\t\t<a href=\"https:\/\/instagram.com\/imagenes_graficas?igshid=di1ufcnwhc4f\"  target=\"_blank\" rel=\"noopener\"  itemprop=\"url\">\n\t\t\t\t<img loading=\"lazy\" decoding=\"async\" src=\"https:\/\/www.imagenesgraficas.com\/wp-content\/uploads\/2019\/06\/imagenes_graficas_ig.png\" alt=\"imagenes_graficas_ig\" itemprop=\"image\" height=\"72\" width=\"74\" title=\"imagenes_graficas_ig\" onerror=\"this.style.display='none'\"  \/>\n\t\t\t\t<\/a>\n\t\t\t\t<a href=\"https:\/\/www.facebook.com\/imagenesgraficasbicsas\/\"  target=\"_blank\" rel=\"noopener\"  itemprop=\"url\">\n\t\t\t\t<img loading=\"lazy\" decoding=\"async\" src=\"https:\/\/www.imagenesgraficas.com\/wp-content\/uploads\/2019\/06\/imagenes_graficas_fb.png\" alt=\"imagenes_graficas_fb\" itemprop=\"image\" height=\"72\" width=\"74\" title=\"imagenes_graficas_fb\" onerror=\"this.style.display='none'\"  \/>\n\t\t\t\t<\/a>\n\t\t\t\t<a href=\"https:\/\/pin.it\/oanijfeol2ru5c\"  target=\"_blank\" rel=\"noopener\"  itemprop=\"url\">\n\t\t\t\t<img loading=\"lazy\" decoding=\"async\" src=\"https:\/\/www.imagenesgraficas.com\/wp-content\/uploads\/2019\/06\/imagenes_graficas_pt.png\" alt=\"imagenes_graficas_pt\" itemprop=\"image\" height=\"72\" width=\"74\" title=\"imagenes_graficas_pt\" onerror=\"this.style.display='none'\"  \/>\n\t\t\t\t<\/a>\n\t<p>Reciba noticias de interes.<\/p>\n\t<p>Visita tambi\u00e9n:<\/p>\n\t\t\t\t<a href=\"http:\/\/imagraphicusa.com\/\"  target=\"_blank\" rel=\"noopener\"  itemprop=\"url\">\n\t\t\t\t<img loading=\"lazy\" decoding=\"async\" src=\"https:\/\/www.imagenesgraficas.com\/wp-content\/uploads\/2019\/06\/imagenes_graficas_logo_imagraphic.png\" alt=\"imagenes_graficas_logo_imagraphic\" itemprop=\"image\" height=\"167\" width=\"493\" title=\"imagenes_graficas_logo_imagraphic\" onerror=\"this.style.display='none'\"  \/>\n\t\t\t\t<\/a>\n\n","protected":false},"excerpt":{"rendered":"<p>Nosotros Im\u00e1genes Gr\u00e1\ufb01cas Somos la compa\u00f1\u00eda de comunicaci\u00f3n gr\u00e1\ufb01ca que soluciona de manera integral todas las necesidades para promocionar una marca, campa\u00f1a o cualquier idea. CODIGO DE ETICA En esta P\u00e1gina Web encontrar\u00e1 el m\u00e1s amplio portafolio de soluciones impactantes. Contamos con presencia comercial en las principales ciudades de Colombia y entregamos nuestros productos en&hellip;<\/p>\n","protected":false},"author":3,"featured_media":0,"parent":0,"menu_order":0,"comment_status":"closed","ping_status":"closed","template":"","meta":{"footnotes":""},"class_list":["post-204","page","type-page","status-publish","hentry"],"_links":{"self":[{"href":"https:\/\/www.imagenesgraficas.com\/index.php\/wp-json\/wp\/v2\/pages\/204","targetHints":{"allow":["GET"]}}],"collection":[{"href":"https:\/\/www.imagenesgraficas.com\/index.php\/wp-json\/wp\/v2\/pages"}],"about":[{"href":"https:\/\/www.imagenesgraficas.com\/index.php\/wp-json\/wp\/v2\/types\/page"}],"author":[{"embeddable":true,"href":"https:\/\/www.imagenesgraficas.com\/index.php\/wp-json\/wp\/v2\/users\/3"}],"replies":[{"embeddable":true,"href":"https:\/\/www.imagenesgraficas.com\/index.php\/wp-json\/wp\/v2\/comments?post=204"}],"version-history":[{"count":67,"href":"https:\/\/www.imagenesgraficas.com\/index.php\/wp-json\/wp\/v2\/pages\/204\/revisions"}],"predecessor-version":[{"id":3165,"href":"https:\/\/www.imagenesgraficas.com\/index.php\/wp-json\/wp\/v2\/pages\/204\/revisions\/3165"}],"wp:attachment":[{"href":"https:\/\/www.imagenesgraficas.com\/index.php\/wp-json\/wp\/v2\/media?parent=204"}],"curies":[{"name":"wp","href":"https:\/\/api.w.org\/{rel}","templated":true}]}}