{"id":214,"date":"2019-06-12T21:08:05","date_gmt":"2019-06-12T21:08:05","guid":{"rendered":"https:\/\/www.imagenesgraficas.com\/?page_id=214"},"modified":"2020-08-03T21:04:32","modified_gmt":"2020-08-03T21:04:32","slug":"contacto","status":"publish","type":"page","link":"https:\/\/www.imagenesgraficas.com\/index.php\/contacto\/","title":{"rendered":"Contacto"},"content":{"rendered":"\n\t<p><strong>Cont\u00e1ctenos<\/strong><\/p>\n\t<p>Para solicitar mayor informaci\u00f3n o cotizar alg\u00fan producto, contactenos.<\/p>\n\t\n<div class=\"wpcf7 no-js\" id=\"wpcf7-f217-o1\" lang=\"es-ES\" dir=\"ltr\" data-wpcf7-id=\"217\">\n<div class=\"screen-reader-response\"><p role=\"status\" aria-live=\"polite\" aria-atomic=\"true\"><\/p> <ul><\/ul><\/div>\n<form action=\"\/index.php\/wp-json\/wp\/v2\/pages\/214#wpcf7-f217-o1\" method=\"post\" class=\"wpcf7-form init\" aria-label=\"Formulario de contacto\" novalidate=\"novalidate\" data-status=\"init\">\n<fieldset class=\"hidden-fields-container\"><input type=\"hidden\" name=\"_wpcf7\" value=\"217\" \/><input type=\"hidden\" name=\"_wpcf7_version\" value=\"6.1.5\" \/><input type=\"hidden\" name=\"_wpcf7_locale\" value=\"es_ES\" \/><input type=\"hidden\" name=\"_wpcf7_unit_tag\" value=\"wpcf7-f217-o1\" \/><input type=\"hidden\" name=\"_wpcf7_container_post\" value=\"0\" \/><input type=\"hidden\" name=\"_wpcf7_posted_data_hash\" value=\"\" \/>\n<\/fieldset>\n<p><label class=\"ancho\"> Nombre*<br \/>\n<span class=\"wpcf7-form-control-wrap\" data-name=\"your-name\"><input size=\"40\" maxlength=\"400\" class=\"wpcf7-form-control wpcf7-text wpcf7-validates-as-required\" aria-required=\"true\" aria-invalid=\"false\" value=\"\" type=\"text\" name=\"your-name\" \/><\/span> <\/label>\n<\/p>\n<p><label> Correo*<br \/>\n<span class=\"wpcf7-form-control-wrap\" data-name=\"your-email\"><input size=\"40\" maxlength=\"400\" class=\"wpcf7-form-control wpcf7-email wpcf7-validates-as-required wpcf7-text wpcf7-validates-as-email\" aria-required=\"true\" aria-invalid=\"false\" value=\"\" type=\"email\" name=\"your-email\" \/><\/span> <span id=\"wpcf7-69e38ddc1d88b-wrapper\" class=\"wpcf7-form-control-wrap email-wrap\" style=\"display:none !important; visibility:hidden !important;\"><label for=\"wpcf7-69e38ddc1d88b-field\" class=\"hp-message\">Por favor, deja este campo vac\u00edo.<\/label><input id=\"wpcf7-69e38ddc1d88b-field\"  class=\"wpcf7-form-control wpcf7-text\" type=\"text\" name=\"email\" value=\"\" size=\"40\" tabindex=\"-1\" autocomplete=\"new-password\" \/><\/span><\/label>\n<\/p>\n<p><label class=\"ancho\"> Tel\u00e9fono*<br \/>\n<span class=\"wpcf7-form-control-wrap\" data-name=\"celular\"><input size=\"40\" maxlength=\"400\" class=\"wpcf7-form-control wpcf7-tel wpcf7-validates-as-required wpcf7-text wpcf7-validates-as-tel\" aria-required=\"true\" aria-invalid=\"false\" value=\"\" type=\"tel\" name=\"celular\" \/><\/span><\/label>\n<\/p>\n<p><label class=\"ancho\"> Mensaje<br \/>\n<span class=\"wpcf7-form-control-wrap\" data-name=\"your-message\"><textarea cols=\"40\" rows=\"10\" maxlength=\"2000\" class=\"wpcf7-form-control wpcf7-textarea\" aria-invalid=\"false\" name=\"your-message\"><\/textarea><\/span> <\/label>\n<\/p>\n<p><input class=\"wpcf7-form-control wpcf7-submit has-spinner\" type=\"submit\" value=\"Enviar\" \/>\n<\/p><div class=\"wpcf7-response-output\" aria-hidden=\"true\"><\/div>\n<\/form>\n<\/div>\n\n\t<iframe src=\"https:\/\/www.google.com\/maps\/embed\/v1\/place?q=Calle+24+No.+4-31&#038;key=AIzaSyD09zQ9PNDNNy9TadMuzRV_UsPUoWKntt8\"><\/iframe>\n\t<strong>CALI<\/strong><br \/>\n(+57-2)441 6153<br \/>\nCalle 24 No. 4-31\n\t<iframe src=\"https:\/\/www.google.com\/maps\/embed\/v1\/place?q=Calle+127c+4-51&#038;key=AIzaSyD09zQ9PNDNNy9TadMuzRV_UsPUoWKntt8\"><\/iframe>\n\t<strong>BOGOTA\u0301<\/strong><br \/>\n(+57) 318 363 7106<br \/>\nCalle 127c 4-51\n\t<iframe src=\"https:\/\/www.google.com\/maps\/embed\/v1\/place?q=390+NW+86th+Ct+%238+33126&#038;key=AIzaSyD09zQ9PNDNNy9TadMuzRV_UsPUoWKntt8\"><\/iframe>\n\t<strong>MIAMI<\/strong><br \/>\n(305) 264 3417<br \/>\n390 NW 86th Ct #8 33126\n\t<p>Contacto<\/p>\n\tCALI<br \/>\n(+57-2)441 6153<br \/>\nCalle 24 No. 4-31\nBOGOT\u00c1<br \/>\n(+57) 318 363 7106<br \/>\nCalle 127c 4-51\nMIAMI<br \/>\n(305) 264 3417<br \/>\n390 NW 86th Ct #8 33126\n\t<p>Cont\u00e1ctenos<\/p>\n\tPara solicitar mayor informaci\u00f3n o cotizar alg\u00fan producto, cont\u00e1ctenos a:<br \/>\n<strong>mercadeo@imagenesgra\ufb01cas.com<\/strong>\n<p>(+57) 317 6364326<\/p>\n\t<p>Todo lo que se muestra en esta p\u00e1gina web tiene como fin mostrar nuestra capacidad de desarrollo y producci\u00f3n. Las marcas mostradas solo tienen fines ilustrativos.<\/p>\n\t<p>Trabaje con nosotros<\/p>\n\tSi se considera una persona talentosa y quiere ser parte de nuestro equipo, env\u00edenos su hoja de vida a:<br \/>\n<strong>talentohumano@imagenesgra\ufb01cas.com<\/strong>\n\t<p>Servicio al cliente<\/p>\n\t<p>Presente sus peticiones, quejas, reclamos y sugerencias (PQRS) que surjan respecto a la calidad de los servicios ofrecidos y las actuaciones de nuestros funcionarios.<\/p>\nCALI<br \/>\n(+57-2) 441 6153<br \/>\nCalle 24 No. 4-31\n\t<p>S\u00edganos:<\/p>\n\t\t\t\t<a href=\"https:\/\/instagram.com\/imagenes_graficas?igshid=di1ufcnwhc4f\" target=\"_blank\" rel=\"noopener noreferrer\" itemprop=\"url\">\n\t\t\t\t<img loading=\"lazy\" decoding=\"async\" src=\"https:\/\/www.imagenesgraficas.com\/wp-content\/uploads\/2019\/06\/imagenes_graficas_ig.png\" alt=\"imagenes_graficas_ig\" itemprop=\"image\" height=\"72\" width=\"74\" title=\"imagenes_graficas_ig\" onerror=\"this.style.display='none'\"  \/>\n\t\t\t\t<\/a>\n\t\t\t\t<a href=\"https:\/\/www.facebook.com\/imagenesgraficasbicsas\/\" target=\"_blank\" rel=\"noopener noreferrer\" itemprop=\"url\">\n\t\t\t\t<img loading=\"lazy\" decoding=\"async\" src=\"https:\/\/www.imagenesgraficas.com\/wp-content\/uploads\/2019\/06\/imagenes_graficas_fb.png\" alt=\"imagenes_graficas_fb\" itemprop=\"image\" height=\"72\" width=\"74\" title=\"imagenes_graficas_fb\" onerror=\"this.style.display='none'\"  \/>\n\t\t\t\t<\/a>\n\t\t\t\t<a href=\"https:\/\/pin.it\/oanijfeol2ru5c\" target=\"_blank\" rel=\"noopener noreferrer\" itemprop=\"url\">\n\t\t\t\t<img loading=\"lazy\" decoding=\"async\" src=\"https:\/\/www.imagenesgraficas.com\/wp-content\/uploads\/2019\/06\/imagenes_graficas_pt.png\" alt=\"imagenes_graficas_pt\" itemprop=\"image\" height=\"72\" width=\"74\" title=\"imagenes_graficas_pt\" onerror=\"this.style.display='none'\"  \/>\n\t\t\t\t<\/a>\n\t<p>Reciba noticias de interes.<\/p>\n\t<p>Visita tambi\u00e9n:<\/p>\n\t\t\t\t<a href=\"http:\/\/imagraphicusa.com\/\" target=\"_blank\" rel=\"noopener noreferrer\" itemprop=\"url\">\n\t\t\t\t<img loading=\"lazy\" decoding=\"async\" src=\"https:\/\/www.imagenesgraficas.com\/wp-content\/uploads\/2019\/06\/imagenes_graficas_logo_imagraphic.png\" alt=\"imagenes_graficas_logo_imagraphic\" itemprop=\"image\" height=\"167\" width=\"493\" title=\"imagenes_graficas_logo_imagraphic\" onerror=\"this.style.display='none'\"  \/>\n\t\t\t\t<\/a>\n","protected":false},"excerpt":{"rendered":"<p>Cont\u00e1ctenos Para solicitar mayor informaci\u00f3n o cotizar alg\u00fan producto, contactenos. CALI (+57-2)441 6153 Calle 24 No. 4-31 BOGOTA\u0301 (+57) 318 363 7106 Calle 127c 4-51 MIAMI (305) 264 3417 390 NW 86th Ct #8 33126 Contacto CALI (+57-2)441 6153 Calle 24 No. 4-31 BOGOT\u00c1 (+57) 318 363 7106 Calle 127c 4-51 MIAMI (305) 264 3417&hellip;<\/p>\n","protected":false},"author":3,"featured_media":0,"parent":0,"menu_order":0,"comment_status":"closed","ping_status":"closed","template":"","meta":{"footnotes":""},"class_list":["post-214","page","type-page","status-publish","hentry"],"_links":{"self":[{"href":"https:\/\/www.imagenesgraficas.com\/index.php\/wp-json\/wp\/v2\/pages\/214","targetHints":{"allow":["GET"]}}],"collection":[{"href":"https:\/\/www.imagenesgraficas.com\/index.php\/wp-json\/wp\/v2\/pages"}],"about":[{"href":"https:\/\/www.imagenesgraficas.com\/index.php\/wp-json\/wp\/v2\/types\/page"}],"author":[{"embeddable":true,"href":"https:\/\/www.imagenesgraficas.com\/index.php\/wp-json\/wp\/v2\/users\/3"}],"replies":[{"embeddable":true,"href":"https:\/\/www.imagenesgraficas.com\/index.php\/wp-json\/wp\/v2\/comments?post=214"}],"version-history":[{"count":7,"href":"https:\/\/www.imagenesgraficas.com\/index.php\/wp-json\/wp\/v2\/pages\/214\/revisions"}],"predecessor-version":[{"id":2625,"href":"https:\/\/www.imagenesgraficas.com\/index.php\/wp-json\/wp\/v2\/pages\/214\/revisions\/2625"}],"wp:attachment":[{"href":"https:\/\/www.imagenesgraficas.com\/index.php\/wp-json\/wp\/v2\/media?parent=214"}],"curies":[{"name":"wp","href":"https:\/\/api.w.org\/{rel}","templated":true}]}}