{"id":683,"date":"2019-08-28T16:59:42","date_gmt":"2019-08-28T16:59:42","guid":{"rendered":"https:\/\/www.imagenesgraficas.com\/?page_id=683"},"modified":"2020-08-19T21:31:40","modified_gmt":"2020-08-19T21:31:40","slug":"blog","status":"publish","type":"page","link":"https:\/\/www.imagenesgraficas.com\/index.php\/blog\/","title":{"rendered":"Blog"},"content":{"rendered":"\n\t<p><strong>Blog<\/strong><\/p>\n\t<meta itemscope itemprop=\"mainEntityOfPage\" itemtype=\"https:\/\/schema.org\/WebPage\" itemid=\"https:\/\/www.imagenesgraficas.com\/index.php\/texto-prueba-noticia\/\" content=\"Texto prueba noticia\" \/><meta itemprop=\"datePublished\" content=\"2020-08-04\" \/><meta itemprop=\"dateModified\" content=\"2020-08-04\" \/><meta itemprop=\"name\" content=\"Imagenes Gr\u00e1ficas\"><meta itemprop=\"url\" content=\"https:\/\/www.imagenesgraficas.com\/wp-content\/uploads\/2020\/06\/Imagenes-graficas-1.png\"><meta itemprop=\"url\" content=\"https:\/\/www.imagenesgraficas.com\/index.php\/author\/imagenesgadmin\/\" \/><meta itemprop=\"name\" content=\"imagenesgadmin\" \/><meta itemprop=\"url\" content=\"https:\/\/www.imagenesgraficas.com\/wp-content\/uploads\/2020\/08\/btl-3.jpg\" \/><meta itemprop=\"width\" content=\"610\" \/><meta itemprop=\"height\" content=\"298\" \/><meta itemprop=\"interactionType\" content=\"https:\/\/schema.org\/CommentAction\" \/><meta itemprop=\"userInteractionCount\" content=\"0\" \/>\n\t\t\t<a href=\"https:\/\/www.imagenesgraficas.com\/index.php\/texto-prueba-noticia\/\"><\/a>\n\t\t\t\t<img loading=\"lazy\" decoding=\"async\" src=\"https:\/\/www.imagenesgraficas.com\/wp-content\/uploads\/bb-plugin\/cache\/btl-3-landscape.jpg\" alt=\"Prueba2\" itemprop=\"image\" data-no-lazy=\"1\" height=\"298\" width=\"610\" title=\"Prueba2\" onerror=\"this.style.display='none'\"  \/>\n\t\t\t\t\t\t\t<h3 itemprop=\"headline\">\n\t\t\t\t\t\t\t\t\t\t\t\tTexto prueba noticia\t\t\t\t\t\t\t\t\t<\/h3>\n    <p>Texto prueba noticiaTexto prueba noticiaTexto prueba noticiaTexto prueba noticia.<\/p>\n\t<meta itemscope itemprop=\"mainEntityOfPage\" itemtype=\"https:\/\/schema.org\/WebPage\" itemid=\"https:\/\/www.imagenesgraficas.com\/index.php\/stands-y-ferias-un-negocio-en-potencia\/\" content=\"Stands y ferias: un negocio en potencia\" \/><meta itemprop=\"datePublished\" content=\"2019-08-28\" \/><meta itemprop=\"dateModified\" content=\"2020-07-16\" \/><meta itemprop=\"name\" content=\"Imagenes Gr\u00e1ficas\"><meta itemprop=\"url\" content=\"https:\/\/www.imagenesgraficas.com\/wp-content\/uploads\/2020\/06\/Imagenes-graficas-1.png\"><meta itemprop=\"url\" content=\"https:\/\/www.imagenesgraficas.com\/index.php\/author\/pypgroup-admin\/\" \/><meta itemprop=\"name\" content=\"pypgroup-admin\" \/><meta itemprop=\"url\" content=\"https:\/\/www.imagenesgraficas.com\/wp-content\/uploads\/2019\/08\/entrada3.jpg\" \/><meta itemprop=\"width\" content=\"564\" \/><meta itemprop=\"height\" content=\"366\" \/><meta itemprop=\"interactionType\" content=\"https:\/\/schema.org\/CommentAction\" \/><meta itemprop=\"userInteractionCount\" content=\"0\" \/>\n\t\t\t<a href=\"https:\/\/www.imagenesgraficas.com\/index.php\/stands-y-ferias-un-negocio-en-potencia\/\"><\/a>\n\t\t\t\t<img loading=\"lazy\" decoding=\"async\" src=\"https:\/\/www.imagenesgraficas.com\/wp-content\/uploads\/bb-plugin\/cache\/entrada3-landscape.jpg\" alt=\"entrada3\" itemprop=\"image\" data-no-lazy=\"1\" height=\"366\" width=\"564\" title=\"entrada3\" onerror=\"this.style.display='none'\"  \/>\n\t\t\t\t\t\t\t<h3 itemprop=\"headline\">\n\t\t\t\t\t\t\t\t\t\t\t\tStands y ferias: un negocio en potencia\t\t\t\t\t\t\t\t\t<\/h3>\n    <p>El sector del marketing ferial est\u00e1 en boom, no solo en Colombia, si no en el mundo entero. \u00bfCu\u00e1l es su potencial como negocio?<\/p>\n\t<meta itemscope itemprop=\"mainEntityOfPage\" itemtype=\"https:\/\/schema.org\/WebPage\" itemid=\"https:\/\/www.imagenesgraficas.com\/index.php\/el-lenguaje-del-marketing\/\" content=\"El lenguaje del marketing\" \/><meta itemprop=\"datePublished\" content=\"2019-08-28\" \/><meta itemprop=\"dateModified\" content=\"2020-07-16\" \/><meta itemprop=\"name\" content=\"Imagenes Gr\u00e1ficas\"><meta itemprop=\"url\" content=\"https:\/\/www.imagenesgraficas.com\/wp-content\/uploads\/2020\/06\/Imagenes-graficas-1.png\"><meta itemprop=\"url\" content=\"https:\/\/www.imagenesgraficas.com\/index.php\/author\/pypgroup-admin\/\" \/><meta itemprop=\"name\" content=\"pypgroup-admin\" \/><meta itemprop=\"url\" content=\"https:\/\/www.imagenesgraficas.com\/wp-content\/uploads\/2019\/08\/entrada-2.jpg\" \/><meta itemprop=\"width\" content=\"564\" \/><meta itemprop=\"height\" content=\"366\" \/><meta itemprop=\"interactionType\" content=\"https:\/\/schema.org\/CommentAction\" \/><meta itemprop=\"userInteractionCount\" content=\"0\" \/>\n\t\t\t<a href=\"https:\/\/www.imagenesgraficas.com\/index.php\/el-lenguaje-del-marketing\/\"><\/a>\n\t\t\t\t<img loading=\"lazy\" decoding=\"async\" src=\"https:\/\/www.imagenesgraficas.com\/wp-content\/uploads\/bb-plugin\/cache\/entrada-2-landscape.jpg\" alt=\"entrada\" itemprop=\"image\" data-no-lazy=\"1\" height=\"366\" width=\"564\" title=\"entrada\" onerror=\"this.style.display='none'\"  \/>\n\t\t\t\t\t\t\t<h3 itemprop=\"headline\">\n\t\t\t\t\t\t\t\t\t\t\t\tEl lenguaje del marketing\t\t\t\t\t\t\t\t\t<\/h3>\n    <p>La comunicaci\u00f3n y persuasi\u00f3n detr\u00e1s de los negocios: el endomarketing es el arte y la ciencia del an\u00e1lisis focalizado en un p\u00fablico objetivo.<\/p>\n\t<meta itemscope itemprop=\"mainEntityOfPage\" itemtype=\"https:\/\/schema.org\/WebPage\" itemid=\"https:\/\/www.imagenesgraficas.com\/index.php\/packaging-y-producto\/\" content=\"Packaging: la cara vendedora del producto\" \/><meta itemprop=\"datePublished\" content=\"2019-06-10\" \/><meta itemprop=\"dateModified\" content=\"2020-07-16\" \/><meta itemprop=\"name\" content=\"Imagenes Gr\u00e1ficas\"><meta itemprop=\"url\" content=\"https:\/\/www.imagenesgraficas.com\/wp-content\/uploads\/2020\/06\/Imagenes-graficas-1.png\"><meta itemprop=\"url\" content=\"https:\/\/www.imagenesgraficas.com\/index.php\/author\/pypgroup-admin\/\" \/><meta itemprop=\"name\" content=\"pypgroup-admin\" \/><meta itemprop=\"url\" content=\"https:\/\/www.imagenesgraficas.com\/wp-content\/uploads\/2019\/08\/entrada2.jpg\" \/><meta itemprop=\"width\" content=\"564\" \/><meta itemprop=\"height\" content=\"366\" \/><meta itemprop=\"interactionType\" content=\"https:\/\/schema.org\/CommentAction\" \/><meta itemprop=\"userInteractionCount\" content=\"0\" \/>\n\t\t\t<a href=\"https:\/\/www.imagenesgraficas.com\/index.php\/packaging-y-producto\/\"><\/a>\n\t\t\t\t<img loading=\"lazy\" decoding=\"async\" src=\"https:\/\/www.imagenesgraficas.com\/wp-content\/uploads\/bb-plugin\/cache\/entrada2-landscape.jpg\" alt=\"entrada2\" itemprop=\"image\" data-no-lazy=\"1\" height=\"366\" width=\"564\" title=\"entrada2\" onerror=\"this.style.display='none'\"  \/>\n\t\t\t\t\t\t\t<h3 itemprop=\"headline\">\n\t\t\t\t\t\t\t\t\t\t\t\tPackaging: la cara vendedora del producto\t\t\t\t\t\t\t\t\t<\/h3>\n    <p>Seg\u00fan el portal thepaperworker.com, una tercera parte de las decisiones de compra se toman con base en el packaging del producto.<\/p>\n\t<p>Contacto<\/p>\n\tCALI<br \/>\n(+57-2)441 6153<br \/>\nCalle 24 No. 4-31\nBOGOT\u00c1<br \/>\n(+57) 318 363 7106<br \/>\nCalle 127c 4-51\nMIAMI<br \/>\n(305) 264 3417<br \/>\n390 NW 86th Ct #8 33126\n\t<p>Cont\u00e1ctenos<\/p>\n\tPara solicitar mayor informaci\u00f3n o cotizar alg\u00fan producto, cont\u00e1ctenos a:<br \/>\n<strong>mercadeo@imagenesgra\ufb01cas.com<\/strong>\n<p>(+57) 317 6364326<\/p>\n\t<p>Todo lo que se muestra en esta p\u00e1gina web tiene como fin mostrar nuestra capacidad de desarrollo y producci\u00f3n. Las marcas mostradas solo tienen fines ilustrativos.<\/p>\n\t<p>Trabaje con nosotros<\/p>\n\tSi se considera una persona talentosa y quiere ser parte de nuestro equipo, env\u00edenos su hoja de vida a:<br \/>\n<strong>talentohumano@imagenesgra\ufb01cas.com<\/strong>\n\t<p>Servicio al cliente<\/p>\n\t<p>Presente sus peticiones, quejas, reclamos y sugerencias (PQRS) que surjan respecto a la calidad de los servicios ofrecidos y las actuaciones de nuestros funcionarios.<\/p>\nCALI<br \/>\n(+57-2) 441 6153<br \/>\nCalle 24 No. 4-31\n\t<p>S\u00edganos:<\/p>\n\t\t\t\t<a href=\"https:\/\/instagram.com\/imagenes_graficas?igshid=di1ufcnwhc4f\" target=\"_blank\" rel=\"noopener noreferrer\" itemprop=\"url\">\n\t\t\t\t<img loading=\"lazy\" decoding=\"async\" src=\"https:\/\/www.imagenesgraficas.com\/wp-content\/uploads\/2019\/06\/imagenes_graficas_ig.png\" alt=\"imagenes_graficas_ig\" itemprop=\"image\" height=\"72\" width=\"74\" title=\"imagenes_graficas_ig\" onerror=\"this.style.display='none'\"  \/>\n\t\t\t\t<\/a>\n\t\t\t\t<a href=\"https:\/\/www.facebook.com\/imagenesgraficasbicsas\/\" target=\"_blank\" rel=\"noopener noreferrer\" itemprop=\"url\">\n\t\t\t\t<img loading=\"lazy\" decoding=\"async\" src=\"https:\/\/www.imagenesgraficas.com\/wp-content\/uploads\/2019\/06\/imagenes_graficas_fb.png\" alt=\"imagenes_graficas_fb\" itemprop=\"image\" height=\"72\" width=\"74\" title=\"imagenes_graficas_fb\" onerror=\"this.style.display='none'\"  \/>\n\t\t\t\t<\/a>\n\t\t\t\t<a href=\"https:\/\/pin.it\/oanijfeol2ru5c\" target=\"_blank\" rel=\"noopener noreferrer\" itemprop=\"url\">\n\t\t\t\t<img loading=\"lazy\" decoding=\"async\" src=\"https:\/\/www.imagenesgraficas.com\/wp-content\/uploads\/2019\/06\/imagenes_graficas_pt.png\" alt=\"imagenes_graficas_pt\" itemprop=\"image\" height=\"72\" width=\"74\" title=\"imagenes_graficas_pt\" onerror=\"this.style.display='none'\"  \/>\n\t\t\t\t<\/a>\n\t<p>Reciba noticias de interes.<\/p>\n\t<p>Visita tambi\u00e9n:<\/p>\n\t\t\t\t<a href=\"http:\/\/imagraphicusa.com\/\" target=\"_blank\" rel=\"noopener noreferrer\" itemprop=\"url\">\n\t\t\t\t<img loading=\"lazy\" decoding=\"async\" src=\"https:\/\/www.imagenesgraficas.com\/wp-content\/uploads\/2019\/06\/imagenes_graficas_logo_imagraphic.png\" alt=\"imagenes_graficas_logo_imagraphic\" itemprop=\"image\" height=\"167\" width=\"493\" title=\"imagenes_graficas_logo_imagraphic\" onerror=\"this.style.display='none'\"  \/>\n\t\t\t\t<\/a>\n","protected":false},"excerpt":{"rendered":"<p>Blog Texto prueba noticia Texto prueba noticiaTexto prueba noticiaTexto prueba noticiaTexto prueba noticia. Stands y ferias: un negocio en potencia El sector del marketing ferial est\u00e1 en boom, no solo en Colombia, si no en el mundo entero. \u00bfCu\u00e1l es su potencial como negocio? El lenguaje del marketing La comunicaci\u00f3n y persuasi\u00f3n detr\u00e1s de los&hellip;<\/p>\n","protected":false},"author":3,"featured_media":0,"parent":0,"menu_order":0,"comment_status":"closed","ping_status":"closed","template":"","meta":{"footnotes":""},"class_list":["post-683","page","type-page","status-publish","hentry"],"_links":{"self":[{"href":"https:\/\/www.imagenesgraficas.com\/index.php\/wp-json\/wp\/v2\/pages\/683","targetHints":{"allow":["GET"]}}],"collection":[{"href":"https:\/\/www.imagenesgraficas.com\/index.php\/wp-json\/wp\/v2\/pages"}],"about":[{"href":"https:\/\/www.imagenesgraficas.com\/index.php\/wp-json\/wp\/v2\/types\/page"}],"author":[{"embeddable":true,"href":"https:\/\/www.imagenesgraficas.com\/index.php\/wp-json\/wp\/v2\/users\/3"}],"replies":[{"embeddable":true,"href":"https:\/\/www.imagenesgraficas.com\/index.php\/wp-json\/wp\/v2\/comments?post=683"}],"version-history":[{"count":6,"href":"https:\/\/www.imagenesgraficas.com\/index.php\/wp-json\/wp\/v2\/pages\/683\/revisions"}],"predecessor-version":[{"id":2750,"href":"https:\/\/www.imagenesgraficas.com\/index.php\/wp-json\/wp\/v2\/pages\/683\/revisions\/2750"}],"wp:attachment":[{"href":"https:\/\/www.imagenesgraficas.com\/index.php\/wp-json\/wp\/v2\/media?parent=683"}],"curies":[{"name":"wp","href":"https:\/\/api.w.org\/{rel}","templated":true}]}}